{"id":18314,"date":"2022-02-25T13:22:45","date_gmt":"2022-02-25T20:22:45","guid":{"rendered":"https:\/\/www.emnrd.nm.gov\/sfd\/?page_id=18314"},"modified":"2025-01-23T15:12:54","modified_gmt":"2025-01-23T22:12:54","slug":"framework-for-a-uniquely-new-mexico-30-x-30","status":"publish","type":"page","link":"https:\/\/www.emnrd.nm.gov\/sfd\/framework-for-a-uniquely-new-mexico-30-x-30\/","title":{"rendered":"Framework for a Uniquely New Mexico 30 x 30"},"content":{"rendered":"<p>[et_pb_section fb_built=&#8221;1&#8243; _builder_version=&#8221;4.16&#8243; _module_preset=&#8221;ce4db8ec-b34b-42ae-b247-103d0a13f28d&#8221; background_image=&#8221;https:\/\/www.emnrd.nm.gov\/sfd\/wp-content\/uploads\/sites\/4\/Upper-Rio-Chama-Watershed1-scaled.jpg&#8221; background_position=&#8221;center_left&#8221; global_colors_info=&#8221;{}&#8221;][et_pb_row _builder_version=&#8221;4.16&#8243; _module_preset=&#8221;1d9c0f5d-35f2-480d-b415-624f9e38b5a0&#8243; global_colors_info=&#8221;{}&#8221;][et_pb_column type=&#8221;4_4&#8243; module_class=&#8221;vertical-align&#8221; _builder_version=&#8221;4.16&#8243; _module_preset=&#8221;default&#8221; global_colors_info=&#8221;{}&#8221;][et_pb_post_title meta=&#8221;off&#8221; featured_image=&#8221;off&#8221; _builder_version=&#8221;4.16&#8243; _module_preset=&#8221;default&#8221; title_text_color=&#8221;#030303&#8243; custom_margin=&#8221;||0px||false|false&#8221; global_colors_info=&#8221;{}&#8221;][\/et_pb_post_title][et_pb_dmb_breadcrumbs font_icon=&#8221;%%20%%&#8221; use_home_icon=&#8221;off&#8221; _builder_version=&#8221;4.16&#8243; _module_preset=&#8221;default&#8221; body_text_color=&#8221;#030303&#8243; body_font_size=&#8221;18px&#8221; link_text_color=&#8221;#030303&#8243; global_colors_info=&#8221;{}&#8221;][\/et_pb_dmb_breadcrumbs][\/et_pb_column][\/et_pb_row][\/et_pb_section][et_pb_section fb_built=&#8221;1&#8243; specialty=&#8221;on&#8221; module_class_1=&#8221;sidebar&#8221; disabled_on=&#8221;off|off|off&#8221; _builder_version=&#8221;4.16&#8243; _module_preset=&#8221;default&#8221; inner_width=&#8221;90%&#8221; inner_max_width=&#8221;1400px&#8221; custom_padding=&#8221;||54px|||&#8221; global_colors_info=&#8221;{}&#8221;][et_pb_column type=&#8221;1_4&#8243; _builder_version=&#8221;4.16&#8243; custom_padding=&#8221;|||&#8221; global_colors_info=&#8221;{}&#8221; custom_padding__hover=&#8221;|||&#8221;][et_pb_blurb title=&#8221;Explore Section&#8221; use_icon=&#8221;on&#8221; font_icon=&#8221;&#xe044;||divi||400&#8243; icon_color=&#8221;#ffffff&#8221; icon_placement=&#8221;left&#8221; image_icon_width=&#8221;14px&#8221; content_max_width=&#8221;100%&#8221; disabled_on=&#8221;off|off|on&#8221; module_class=&#8221;blurb-icon-right sidebar-toggle&#8221; _builder_version=&#8221;4.16&#8243; _module_preset=&#8221;c520cd6f-2a5a-44ab-ba51-0c6b314ff487&#8243; header_font=&#8221;|600|||||||&#8221; header_text_color=&#8221;#ffffff&#8221; header_font_size=&#8221;13px&#8221; header_line_height=&#8221;1.3em&#8221; body_font=&#8221;||||||||&#8221; body_text_color=&#8221;rgba(40,39,40,0.7)&#8221; body_font_size=&#8221;12px&#8221; body_line_height=&#8221;1.3em&#8221; background_color=&#8221;#1D4784&#8243; use_background_color_gradient=&#8221;on&#8221; background_color_gradient_direction=&#8221;145deg&#8221; background_color_gradient_stops=&#8221;#1d4784 0%|#0585a5 100%&#8221; background_color_gradient_start=&#8221;#1d4784&#8243; background_color_gradient_end=&#8221;#0585a5&#8243; max_width=&#8221;100%&#8221; module_alignment=&#8221;center&#8221; custom_margin=&#8221;||14px||false|false&#8221; custom_padding=&#8221;12px|4px|12px|16px|true|false&#8221; border_radii=&#8221;on|6px|6px|6px|6px&#8221; border_width_bottom=&#8221;1px&#8221; border_color_bottom=&#8221;#dedede&#8221; icon_font_size=&#8221;14px&#8221; global_colors_info=&#8221;{}&#8221;][\/et_pb_blurb][et_pb_sidebar area=&#8221;et_pb_widget_area_5&#8243; module_class=&#8221;sofia-light nav-side&#8221; _builder_version=&#8221;4.16&#8243; _module_preset=&#8221;default&#8221; body_text_color=&#8221;#212121&#8243; body_font_size=&#8221;15px&#8221; body_line_height=&#8221;1em&#8221; global_colors_info=&#8221;{}&#8221;][\/et_pb_sidebar][\/et_pb_column][et_pb_column type=&#8221;3_4&#8243; specialty_columns=&#8221;3&#8243; _builder_version=&#8221;4.16&#8243; custom_padding=&#8221;|||&#8221; global_colors_info=&#8221;{}&#8221; custom_padding__hover=&#8221;|||&#8221;][et_pb_row_inner column_structure=&#8221;1_2,1_2&#8243; _builder_version=&#8221;4.27.4&#8243; _module_preset=&#8221;default&#8221; custom_padding=&#8221;||5px|||&#8221; global_colors_info=&#8221;{}&#8221;][et_pb_column_inner type=&#8221;1_2&#8243; saved_specialty_column_type=&#8221;3_4&#8243; _builder_version=&#8221;4.27.4&#8243; _module_preset=&#8221;default&#8221; global_colors_info=&#8221;{}&#8221;][et_pb_text _builder_version=&#8221;4.27.4&#8243; _module_preset=&#8221;default&#8221; global_colors_info=&#8221;{}&#8221;]<\/p>\n<h2 style=\"text-align: center;\">Redefining Conservation for the Land of Enchantment<span data-contrast=\"auto\"><\/span><\/h2>\n<p>&nbsp;<\/p>\n<p><span data-contrast=\"auto\">In August 2021 Governor Michelle Lujan Grisham signed Executive Order 2021-052, <\/span><i><span data-contrast=\"auto\">Protecting New Mexico\u2019s Lands, Watersheds, Wildlife, and Natural Heritage<\/span><\/i><span data-contrast=\"auto\">. The order begins by identifying the multiple values provided by conserved lands and waters:<\/span><span data-ccp-props=\"{&quot;201341983&quot;:0,&quot;335559739&quot;:160,&quot;335559740&quot;:259}\">\u00a0<\/span><\/p>\n<p><i><span data-contrast=\"auto\">\u201cNew Mexicans rely on the State\u2019s lands and watersheds to support our economy, sustain traditional ways of life, provide our drinking water, ensure food security, preserve biodiversity, and provide recreation opportunities that promote the health and wellbeing of all who call New Mexico home.\u201d\u00a0<\/span><\/i><span data-ccp-props=\"{&quot;201341983&quot;:0,&quot;335559685&quot;:720,&quot;335559739&quot;:160,&quot;335559740&quot;:259}\">\u00a0<\/span><\/p>\n<p><span data-contrast=\"auto\">These values guide the work of the 30 by 30 Advisory Committee (\u201cCommittee\u201d), comprised of seven state agencies and the State Land Office. Agencies are directed to individually review and utilize existing programs, funding, and authorities to reach the ambitious conservation targets of conserving at least 30 percent of all lands in New Mexico by 2030, with an additional 20 percent of lands designated as climate stabilization areas. Developing clear definitions for these terms, inclusive of the values outlined in the Order, will be an essential part of the Committee\u2019s early work and outreach efforts. Doing so will both influence which lands count toward conservation targets and guide the implementation and coordination of programs contributing toward those targets.<\/span><span data-ccp-props=\"{&quot;201341983&quot;:0,&quot;335559739&quot;:160,&quot;335559740&quot;:259}\">\u00a0<\/span><\/p>\n<p>[\/et_pb_text][\/et_pb_column_inner][et_pb_column_inner type=&#8221;1_2&#8243; saved_specialty_column_type=&#8221;3_4&#8243; _builder_version=&#8221;4.27.4&#8243; _module_preset=&#8221;default&#8221; global_colors_info=&#8221;{}&#8221;][et_pb_text _builder_version=&#8221;4.27.4&#8243; _module_preset=&#8221;default&#8221; global_colors_info=&#8221;{}&#8221;]<\/p>\n<h2 style=\"text-align: center;\">Read the Annual 30 x 30 report for 2024<\/h2>\n<p>[\/et_pb_text][et_pb_image src=&#8221;https:\/\/www.emnrd.nm.gov\/sfd\/wp-content\/uploads\/sites\/4\/3&#215;30-2024-image.png&#8221; title_text=&#8221;3&#215;30 2024 image&#8221; url=&#8221;\/sfd\/wp-content\/uploads\/sites\/4\/30&#215;30-2024-Annual-Report-Final.pdf&#8221; url_new_window=&#8221;on&#8221; align=&#8221;center&#8221; _builder_version=&#8221;4.27.4&#8243; _module_preset=&#8221;default&#8221; max_width=&#8221;60%&#8221; global_colors_info=&#8221;{}&#8221;][\/et_pb_image][et_pb_text _builder_version=&#8221;4.27.4&#8243; _module_preset=&#8221;default&#8221; hover_enabled=&#8221;0&#8243; sticky_enabled=&#8221;0&#8243;]<\/p>\n<p><a href=\"https:\/\/www.emnrd.nm.gov\/sfd\/wp-content\/uploads\/sites\/4\/30-by-30-2024-Annual-Report-Final-Spanish.pdf\" target=\"_blank\" rel=\"noopener\">Haga clic aqui para leer en Espanol<\/a>.<\/p>\n<p>[\/et_pb_text][et_pb_text _builder_version=&#8221;4.27.4&#8243; _module_preset=&#8221;default&#8221; custom_padding=&#8221;16px|||||&#8221; global_colors_info=&#8221;{}&#8221;]<\/p>\n<p><span data-contrast=\"auto\">Defining what conservation means for New Mexico is an opportunity to bring together diverse people\u2014ranchers and farmers, sovereign nations, outdoor recreation interests, and conservation organizations\u2014under a common purpose. For each of these groups, collectively and individually, the Committee believes that conservation must be a benefit, not a burden. Redefining conservation also serves a practical purpose, helping to ensure New Mexico\u2019s vision for conservation is accurately represented in the American Conservation and Stewardship Atlas, which is being developed to track conservation progress nationally as part of the <\/span><i><span data-contrast=\"auto\">America the Beautiful<\/span><\/i><span data-contrast=\"auto\"> initiative.\u00a0<\/span><span data-ccp-props=\"{&quot;201341983&quot;:0,&quot;335559739&quot;:160,&quot;335559740&quot;:259}\">\u00a0<\/span><a href=\"https:\/\/www.emnrd.nm.gov\/sfd\/framework-for-a-uniquely-new-mexico-30-x-30\/existing-programs-to-reach-new-mexicos-30-by-30-goals\/\"><strong><span style=\"text-decoration: underline;\"><\/span><\/strong><\/a><\/p>\n<p>[\/et_pb_text][\/et_pb_column_inner][\/et_pb_row_inner][et_pb_row_inner _builder_version=&#8221;4.27.4&#8243; _module_preset=&#8221;default&#8221; custom_padding=&#8221;1px||5px|||&#8221; global_colors_info=&#8221;{}&#8221;][et_pb_column_inner saved_specialty_column_type=&#8221;3_4&#8243; _builder_version=&#8221;4.27.4&#8243; _module_preset=&#8221;default&#8221; global_colors_info=&#8221;{}&#8221;][et_pb_text _builder_version=&#8221;4.27.4&#8243; _module_preset=&#8221;default&#8221; global_colors_info=&#8221;{}&#8221;]<\/p>\n<p><span data-ccp-props=\"{&quot;201341983&quot;:0,&quot;335559739&quot;:160,&quot;335559740&quot;:259}\"><\/span><\/p>\n<p><strong>Learn more about our framework:<\/strong><\/p>\n<ul>\n<li><strong><span style=\"text-decoration: underline;\"><a href=\"https:\/\/www.emnrd.nm.gov\/sfd\/framework-for-a-uniquely-new-mexico-30-x-30\/new-mexico-30-by-30-process\/\">Process and Principles<\/a><\/span><\/strong><\/li>\n<li><strong><span style=\"text-decoration: underline;\"><a href=\"https:\/\/www.emnrd.nm.gov\/sfd\/framework-for-a-uniquely-new-mexico-30-x-30\/key-concepts\/\">Key Concepts<\/a><\/span><\/strong><\/li>\n<li><a href=\"https:\/\/www.emnrd.nm.gov\/sfd\/framework-for-a-uniquely-new-mexico-30-x-30\/existing-programs-to-reach-new-mexicos-30-by-30-goals\/\"><strong><span style=\"text-decoration: underline;\">Existing Programs<\/span><\/strong><\/a><\/li>\n<\/ul>\n<p>[\/et_pb_text][\/et_pb_column_inner][\/et_pb_row_inner][et_pb_row_inner _builder_version=&#8221;4.16.1&#8243; _module_preset=&#8221;default&#8221; custom_padding=&#8221;0px||0px|||&#8221; global_colors_info=&#8221;{}&#8221;][et_pb_column_inner saved_specialty_column_type=&#8221;3_4&#8243; _builder_version=&#8221;4.16.1&#8243; _module_preset=&#8221;default&#8221; global_colors_info=&#8221;{}&#8221;][et_pb_text _builder_version=&#8221;4.16.1&#8243; _module_preset=&#8221;default&#8221; custom_padding=&#8221;0px|||||&#8221; global_colors_info=&#8221;{}&#8221;]<\/p>\n<h2>Announcements<\/h2>\n<p>[\/et_pb_text][\/et_pb_column_inner][\/et_pb_row_inner][et_pb_row_inner _builder_version=&#8221;4.16.1&#8243; _module_preset=&#8221;default&#8221; custom_padding=&#8221;0px|||||&#8221; global_colors_info=&#8221;{}&#8221;][et_pb_column_inner saved_specialty_column_type=&#8221;3_4&#8243; _builder_version=&#8221;4.16.1&#8243; _module_preset=&#8221;default&#8221; global_colors_info=&#8221;{}&#8221;][et_pb_blurb title=&#8221;Public Input Requested on New Mexico Conservation Definitions&#8221; url_new_window=&#8221;on&#8221; use_icon=&#8221;on&#8221; font_icon=&#8221;&#xe092;||divi||400&#8243; _builder_version=&#8221;4.18.0&#8243; _module_preset=&#8221;151cae4d-9a10-46aa-ba62-fc33b1e8d819&#8243; link_option_url=&#8221;\/sfd\/wp-content\/uploads\/sites\/4\/English_30-by-30-RFI-2-Press-Release-FINAL-10-03-22.pdf&#8221; link_option_url_new_window=&#8221;on&#8221; global_colors_info=&#8221;{}&#8221;]<\/p>\n<p>New Mexico 30 by 30 Advisory Committee announces second public engagement survey<\/p>\n<p>[\/et_pb_blurb][et_pb_blurb title=&#8221;Se solicita la opini\u00f3n p\u00fablica sobre las definiciones de conservaci\u00f3n de Nuevo M\u00e9xico&#8221; url_new_window=&#8221;on&#8221; use_icon=&#8221;on&#8221; font_icon=&#8221;&#xe092;||divi||400&#8243; _builder_version=&#8221;4.18.0&#8243; _module_preset=&#8221;151cae4d-9a10-46aa-ba62-fc33b1e8d819&#8243; link_option_url=&#8221;\/sfd\/wp-content\/uploads\/sites\/4\/EMNRD_Spanish_30-by-30-RFI-2-Press-Release-Final-10-05-22.pdf&#8221; link_option_url_new_window=&#8221;on&#8221; global_colors_info=&#8221;{}&#8221;]<\/p>\n<p>El Comit\u00e9 Asesor 30 por 30 de Nuevo M\u00e9xico anuncia la segunda encuesta de participaci\u00f3n p\u00fablica<\/p>\n<p>[\/et_pb_blurb][et_pb_blurb title=&#8221;Public Input Requested on the Future of Conservation in New Mexico&#8221; url_new_window=&#8221;on&#8221; use_icon=&#8221;on&#8221; font_icon=&#8221;&#xe092;||divi||400&#8243; _builder_version=&#8221;4.16.1&#8243; _module_preset=&#8221;151cae4d-9a10-46aa-ba62-fc33b1e8d819&#8243; link_option_url=&#8221;\/sfd\/wp-content\/uploads\/sites\/4\/30-by-30-RFI-Press-Release-07-26-2022.pdf&#8221; link_option_url_new_window=&#8221;on&#8221; global_colors_info=&#8221;{}&#8221;]<\/p>\n<p>New Mexico 30 by 30 Advisory Committee announces public engagement survey<\/p>\n<p>[\/et_pb_blurb][et_pb_blurb title=&#8221;Se Solicita la Opini\u00f3n del P\u00fablico sobre el Futuro de la<br \/>\nConservaci\u00f3n en Nuevo M\u00e9xico<br \/>\n&#8221; url_new_window=&#8221;on&#8221; use_icon=&#8221;on&#8221; font_icon=&#8221;&#xe092;||divi||400&#8243; _builder_version=&#8221;4.16.1&#8243; _module_preset=&#8221;151cae4d-9a10-46aa-ba62-fc33b1e8d819&#8243; link_option_url=&#8221;\/sfd\/wp-content\/uploads\/sites\/4\/30-by-30-RFI-Press-Release-SPANISH-07-27-2022.pdf&#8221; link_option_url_new_window=&#8221;on&#8221; global_colors_info=&#8221;{}&#8221;]<\/p>\n<p>El Comit\u00e9 Asesor 30 por 30 de Nuevo M\u00e9xico anuncia una encuesta de participaci\u00f3n p\u00fablica<\/p>\n<p>[\/et_pb_blurb][\/et_pb_column_inner][\/et_pb_row_inner][\/et_pb_column][\/et_pb_section]<\/p>\n","protected":false},"excerpt":{"rendered":"<p>Redefining Conservation for the Land of Enchantment &nbsp; In August 2021 Governor Michelle Lujan Grisham signed Executive Order 2021-052, Protecting New Mexico\u2019s Lands, Watersheds, Wildlife, and Natural Heritage. The order begins by identifying the multiple values provided by conserved lands and waters:\u00a0 \u201cNew Mexicans rely on the State\u2019s lands and watersheds to support our economy, [&hellip;]<\/p>\n","protected":false},"author":24,"featured_media":0,"parent":0,"menu_order":0,"comment_status":"closed","ping_status":"closed","template":"","meta":{"_et_pb_use_builder":"on","_et_pb_old_content":"Redefining Conservation for the Land of Enchantment\r\n\r\nIn August 2021 Governor Michelle Lujan Grisham signed Executive Order 2021-052, Protecting New Mexico\u2019s Lands, Watersheds, Wildlife, and Natural Heritage. The order begins by identifying the multiple values provided by conserved lands and waters: \r\n\r\n\u201cNew Mexicans rely on the State\u2019s lands and watersheds to support our economy, sustain traditional ways of life, provide our drinking water, ensure food security, preserve biodiversity, and provide recreation opportunities that promote the health and wellbeing of all who call New Mexico home.\u201d  \r\n\r\nThese values guide the work of the 30 by 30 Advisory Committee (\u201cCommittee\u201d), comprised of seven state agencies and the State Land Office. Agencies are directed to individually review and utilize existing programs, funding, and authorities to reach the ambitious conservation targets of conserving at least 30 percent of all lands in New Mexico by 2030, with an additional 20 percent of lands designated as climate stabilization areas. Developing clear definitions for these terms, inclusive of the values outlined in the Order, will be an essential part of the Committee\u2019s early work and outreach efforts. Doing so will both influence which lands count toward conservation targets and guide the implementation and coordination of programs contributing toward those targets. \r\n\r\nDefining what conservation means for New Mexico is an opportunity to bring together diverse people\u2014ranchers and farmers, sovereign nations, outdoor recreation interests, and conservation organizations\u2014under a common purpose. For each of these groups, collectively and individually, the Committee believes that conservation must be a benefit, not a burden. Redefining conservation also serves a practical purpose, helping to ensure New Mexico\u2019s vision for conservation is accurately represented in the American Conservation and Stewardship Atlas, which is being developed to track conservation progress nationally as part of the America the Beautiful initiative.  \r\n\r\nThis document provides an initial framework describing the Committee\u2019s approach to engaging the public and partnering with sovereign nations to define and guide conservation efforts in our state: a uniquely New Mexico 30 by 30. \r\n\r\nIn the first section we provide an overview of the 30 by 30 process, including the role of the Committee, foundational principles, and background on key concepts. The second section is a summary of existing state programs positioned to contribute toward 30 by 30 goals. The depth and breadth of these programs form a strong foundation for the State\u2019s 30 by 30 process. The final three sections describe opportunities for Pueblos and Tribes, New Mexico\u2019s engagement with the federal government\u2019s America the Beautiful Initiative, plans for future public engagement, and a draft timeline for anticipated 30 by 30 activities in 2022.  \r\n\r\nThis document may be updated periodically in the coming weeks and months as outreach efforts progress. We hope that this framework, guided by the broad values outlined by EO 2021-052, demonstrates that conservation is multi-faceted and that there is far more to 30 by 30 than setting land aside subject to significant use restrictions. It includes the important conservation values provided by working lands. It also recognizes that conservation is a job that can never be finished and 30 by 30 will be distinguished by a constructive process that sets up enduring conservation programs for the future. Conservation can help bring together all people who have connections to New Mexico\u2019s lands and watersheds: this is our \u201cuniquely New Mexico 30 by 30.\u201d ","_et_gb_content_width":"","footnotes":""},"class_list":["post-18314","page","type-page","status-publish","hentry"],"yoast_head":"<!-- This site is optimized with the Yoast SEO plugin v27.6 - https:\/\/yoast.com\/product\/yoast-seo-wordpress\/ -->\n<title>Framework for a Uniquely New Mexico 30 x 30 - Forestry<\/title>\n<meta name=\"robots\" content=\"index, follow, max-snippet:-1, max-image-preview:large, max-video-preview:-1\" \/>\n<link rel=\"canonical\" href=\"https:\/\/www.emnrd.nm.gov\/sfd\/framework-for-a-uniquely-new-mexico-30-x-30\/\" \/>\n<meta property=\"og:locale\" content=\"en_US\" \/>\n<meta property=\"og:type\" content=\"article\" \/>\n<meta property=\"og:title\" content=\"Framework for a Uniquely New Mexico 30 x 30 - Forestry\" \/>\n<meta property=\"og:description\" content=\"Redefining Conservation for the Land of Enchantment &nbsp; In August 2021 Governor Michelle Lujan Grisham signed Executive Order 2021-052, Protecting New Mexico\u2019s Lands, Watersheds, Wildlife, and Natural Heritage. The order begins by identifying the multiple values provided by conserved lands and waters:\u00a0 \u201cNew Mexicans rely on the State\u2019s lands and watersheds to support our economy, [&hellip;]\" \/>\n<meta property=\"og:url\" content=\"https:\/\/www.emnrd.nm.gov\/sfd\/framework-for-a-uniquely-new-mexico-30-x-30\/\" \/>\n<meta property=\"og:site_name\" content=\"Forestry\" \/>\n<meta property=\"article:modified_time\" content=\"2025-01-23T22:12:54+00:00\" \/>\n<meta name=\"twitter:card\" content=\"summary_large_image\" \/>\n<meta name=\"twitter:label1\" content=\"Est. reading time\" \/>\n\t<meta name=\"twitter:data1\" content=\"7 minutes\" \/>\n<script type=\"application\/ld+json\" class=\"yoast-schema-graph\">{\"@context\":\"https:\\\/\\\/schema.org\",\"@graph\":[{\"@type\":\"WebPage\",\"@id\":\"https:\\\/\\\/www.emnrd.nm.gov\\\/sfd\\\/framework-for-a-uniquely-new-mexico-30-x-30\\\/\",\"url\":\"https:\\\/\\\/www.emnrd.nm.gov\\\/sfd\\\/framework-for-a-uniquely-new-mexico-30-x-30\\\/\",\"name\":\"Framework for a Uniquely New Mexico 30 x 30 - Forestry\",\"isPartOf\":{\"@id\":\"https:\\\/\\\/www.emnrd.nm.gov\\\/sfd\\\/#website\"},\"datePublished\":\"2022-02-25T20:22:45+00:00\",\"dateModified\":\"2025-01-23T22:12:54+00:00\",\"breadcrumb\":{\"@id\":\"https:\\\/\\\/www.emnrd.nm.gov\\\/sfd\\\/framework-for-a-uniquely-new-mexico-30-x-30\\\/#breadcrumb\"},\"inLanguage\":\"en-US\",\"potentialAction\":[{\"@type\":\"ReadAction\",\"target\":[\"https:\\\/\\\/www.emnrd.nm.gov\\\/sfd\\\/framework-for-a-uniquely-new-mexico-30-x-30\\\/\"]}]},{\"@type\":\"BreadcrumbList\",\"@id\":\"https:\\\/\\\/www.emnrd.nm.gov\\\/sfd\\\/framework-for-a-uniquely-new-mexico-30-x-30\\\/#breadcrumb\",\"itemListElement\":[{\"@type\":\"ListItem\",\"position\":1,\"name\":\"Home\",\"item\":\"https:\\\/\\\/www.emnrd.nm.gov\\\/sfd\\\/\"},{\"@type\":\"ListItem\",\"position\":2,\"name\":\"Framework for a Uniquely New Mexico 30 x 30\"}]},{\"@type\":\"WebSite\",\"@id\":\"https:\\\/\\\/www.emnrd.nm.gov\\\/sfd\\\/#website\",\"url\":\"https:\\\/\\\/www.emnrd.nm.gov\\\/sfd\\\/\",\"name\":\"Forestry\",\"description\":\"To position New Mexico as a national leader in the energy and natural resources areas for which the Department is responsible.\",\"potentialAction\":[{\"@type\":\"SearchAction\",\"target\":{\"@type\":\"EntryPoint\",\"urlTemplate\":\"https:\\\/\\\/www.emnrd.nm.gov\\\/sfd\\\/?s={search_term_string}\"},\"query-input\":{\"@type\":\"PropertyValueSpecification\",\"valueRequired\":true,\"valueName\":\"search_term_string\"}}],\"inLanguage\":\"en-US\"}]}<\/script>\n<!-- \/ Yoast SEO plugin. -->","yoast_head_json":{"title":"Framework for a Uniquely New Mexico 30 x 30 - Forestry","robots":{"index":"index","follow":"follow","max-snippet":"max-snippet:-1","max-image-preview":"max-image-preview:large","max-video-preview":"max-video-preview:-1"},"canonical":"https:\/\/www.emnrd.nm.gov\/sfd\/framework-for-a-uniquely-new-mexico-30-x-30\/","og_locale":"en_US","og_type":"article","og_title":"Framework for a Uniquely New Mexico 30 x 30 - Forestry","og_description":"Redefining Conservation for the Land of Enchantment &nbsp; In August 2021 Governor Michelle Lujan Grisham signed Executive Order 2021-052, Protecting New Mexico\u2019s Lands, Watersheds, Wildlife, and Natural Heritage. The order begins by identifying the multiple values provided by conserved lands and waters:\u00a0 \u201cNew Mexicans rely on the State\u2019s lands and watersheds to support our economy, [&hellip;]","og_url":"https:\/\/www.emnrd.nm.gov\/sfd\/framework-for-a-uniquely-new-mexico-30-x-30\/","og_site_name":"Forestry","article_modified_time":"2025-01-23T22:12:54+00:00","twitter_card":"summary_large_image","twitter_misc":{"Est. reading time":"7 minutes"},"schema":{"@context":"https:\/\/schema.org","@graph":[{"@type":"WebPage","@id":"https:\/\/www.emnrd.nm.gov\/sfd\/framework-for-a-uniquely-new-mexico-30-x-30\/","url":"https:\/\/www.emnrd.nm.gov\/sfd\/framework-for-a-uniquely-new-mexico-30-x-30\/","name":"Framework for a Uniquely New Mexico 30 x 30 - Forestry","isPartOf":{"@id":"https:\/\/www.emnrd.nm.gov\/sfd\/#website"},"datePublished":"2022-02-25T20:22:45+00:00","dateModified":"2025-01-23T22:12:54+00:00","breadcrumb":{"@id":"https:\/\/www.emnrd.nm.gov\/sfd\/framework-for-a-uniquely-new-mexico-30-x-30\/#breadcrumb"},"inLanguage":"en-US","potentialAction":[{"@type":"ReadAction","target":["https:\/\/www.emnrd.nm.gov\/sfd\/framework-for-a-uniquely-new-mexico-30-x-30\/"]}]},{"@type":"BreadcrumbList","@id":"https:\/\/www.emnrd.nm.gov\/sfd\/framework-for-a-uniquely-new-mexico-30-x-30\/#breadcrumb","itemListElement":[{"@type":"ListItem","position":1,"name":"Home","item":"https:\/\/www.emnrd.nm.gov\/sfd\/"},{"@type":"ListItem","position":2,"name":"Framework for a Uniquely New Mexico 30 x 30"}]},{"@type":"WebSite","@id":"https:\/\/www.emnrd.nm.gov\/sfd\/#website","url":"https:\/\/www.emnrd.nm.gov\/sfd\/","name":"Forestry","description":"To position New Mexico as a national leader in the energy and natural resources areas for which the Department is responsible.","potentialAction":[{"@type":"SearchAction","target":{"@type":"EntryPoint","urlTemplate":"https:\/\/www.emnrd.nm.gov\/sfd\/?s={search_term_string}"},"query-input":{"@type":"PropertyValueSpecification","valueRequired":true,"valueName":"search_term_string"}}],"inLanguage":"en-US"}]}},"_links":{"self":[{"href":"https:\/\/www.emnrd.nm.gov\/sfd\/wp-json\/wp\/v2\/pages\/18314","targetHints":{"allow":["GET"]}}],"collection":[{"href":"https:\/\/www.emnrd.nm.gov\/sfd\/wp-json\/wp\/v2\/pages"}],"about":[{"href":"https:\/\/www.emnrd.nm.gov\/sfd\/wp-json\/wp\/v2\/types\/page"}],"author":[{"embeddable":true,"href":"https:\/\/www.emnrd.nm.gov\/sfd\/wp-json\/wp\/v2\/users\/24"}],"replies":[{"embeddable":true,"href":"https:\/\/www.emnrd.nm.gov\/sfd\/wp-json\/wp\/v2\/comments?post=18314"}],"version-history":[{"count":21,"href":"https:\/\/www.emnrd.nm.gov\/sfd\/wp-json\/wp\/v2\/pages\/18314\/revisions"}],"predecessor-version":[{"id":21509,"href":"https:\/\/www.emnrd.nm.gov\/sfd\/wp-json\/wp\/v2\/pages\/18314\/revisions\/21509"}],"wp:attachment":[{"href":"https:\/\/www.emnrd.nm.gov\/sfd\/wp-json\/wp\/v2\/media?parent=18314"}],"curies":[{"name":"wp","href":"https:\/\/api.w.org\/{rel}","templated":true}]}}