{"id":14225,"date":"2021-06-09T17:27:52","date_gmt":"2021-06-09T23:27:52","guid":{"rendered":"https:\/\/www.emnrd.nm.gov\/spd\/?page_id=14225"},"modified":"2026-02-10T13:31:28","modified_gmt":"2026-02-10T20:31:28","slug":"about-spd","status":"publish","type":"page","link":"https:\/\/www.emnrd.nm.gov\/spd\/about-spd\/","title":{"rendered":"State Parks Home"},"content":{"rendered":"<p>[et_pb_section fb_built=&#8221;1&#8243; _builder_version=&#8221;4.25.1&#8243; _module_preset=&#8221;ce4db8ec-b34b-42ae-b247-103d0a13f28d&#8221; background_image=&#8221;https:\/\/www.emnrd.nm.gov\/spd\/wp-content\/uploads\/sites\/7\/fenton-lake-state-park-817dm-aerial-NMTD.jpg&#8221; background_position=&#8221;top_center&#8221; background_vertical_offset=&#8221;63%&#8221; collapsed=&#8221;on&#8221; global_colors_info=&#8221;{}&#8221;][et_pb_row _builder_version=&#8221;4.16&#8243; _module_preset=&#8221;1d9c0f5d-35f2-480d-b415-624f9e38b5a0&#8243; global_colors_info=&#8221;{}&#8221;][et_pb_column type=&#8221;4_4&#8243; module_class=&#8221;vertical-align&#8221; _builder_version=&#8221;4.16&#8243; _module_preset=&#8221;default&#8221; global_colors_info=&#8221;{}&#8221;][et_pb_post_title meta=&#8221;off&#8221; featured_image=&#8221;off&#8221; _builder_version=&#8221;4.16&#8243; _module_preset=&#8221;default&#8221; title_text_color=&#8221;#030303&#8243; custom_margin=&#8221;||0px||false|false&#8221; global_colors_info=&#8221;{}&#8221;][\/et_pb_post_title][et_pb_dmb_breadcrumbs font_icon=&#8221;&#x35;||divi||400&#8243; use_home_icon=&#8221;off&#8221; _builder_version=&#8221;4.16&#8243; _module_preset=&#8221;default&#8221; body_text_color=&#8221;#030303&#8243; body_font_size=&#8221;18px&#8221; link_text_color=&#8221;#030303&#8243; global_colors_info=&#8221;{}&#8221;][\/et_pb_dmb_breadcrumbs][\/et_pb_column][\/et_pb_row][\/et_pb_section][et_pb_section fb_built=&#8221;1&#8243; specialty=&#8221;on&#8221; module_class_1=&#8221;sidebar&#8221; disabled_on=&#8221;off|off|off&#8221; _builder_version=&#8221;4.16&#8243; _module_preset=&#8221;default&#8221; inner_width=&#8221;90%&#8221; inner_max_width=&#8221;1400px&#8221; collapsed=&#8221;off&#8221; global_colors_info=&#8221;{}&#8221;][et_pb_column type=&#8221;1_4&#8243; _builder_version=&#8221;4.16&#8243; custom_padding=&#8221;|||&#8221; global_colors_info=&#8221;{}&#8221; custom_padding__hover=&#8221;|||&#8221;][et_pb_blurb title=&#8221;Explore Section&#8221; use_icon=&#8221;on&#8221; font_icon=&#8221;&#xe044;||divi||400&#8243; icon_color=&#8221;#ffffff&#8221; icon_placement=&#8221;left&#8221; image_icon_width=&#8221;14px&#8221; content_max_width=&#8221;100%&#8221; disabled_on=&#8221;off|off|on&#8221; module_class=&#8221;blurb-icon-right sidebar-toggle&#8221; _builder_version=&#8221;4.16&#8243; _module_preset=&#8221;c520cd6f-2a5a-44ab-ba51-0c6b314ff487&#8243; header_font=&#8221;|600|||||||&#8221; header_text_color=&#8221;#ffffff&#8221; header_font_size=&#8221;13px&#8221; header_line_height=&#8221;1.3em&#8221; body_font=&#8221;||||||||&#8221; body_text_color=&#8221;rgba(40,39,40,0.7)&#8221; body_font_size=&#8221;12px&#8221; body_line_height=&#8221;1.3em&#8221; background_color=&#8221;#1D4784&#8243; use_background_color_gradient=&#8221;on&#8221; background_color_gradient_direction=&#8221;145deg&#8221; background_color_gradient_stops=&#8221;#1d4784 0%|#0585a5 100%&#8221; background_color_gradient_start=&#8221;#1d4784&#8243; background_color_gradient_end=&#8221;#0585a5&#8243; max_width=&#8221;100%&#8221; module_alignment=&#8221;center&#8221; custom_margin=&#8221;||14px||false|false&#8221; custom_padding=&#8221;12px|4px|12px|16px|true|false&#8221; border_radii=&#8221;on|6px|6px|6px|6px&#8221; border_width_bottom=&#8221;1px&#8221; border_color_bottom=&#8221;#dedede&#8221; icon_font_size=&#8221;14px&#8221; global_colors_info=&#8221;{}&#8221;][\/et_pb_blurb][et_pb_sidebar area=&#8221;et_pb_widget_area_3&#8243; module_class=&#8221;sofia-light nav-side&#8221; _builder_version=&#8221;4.22.1&#8243; _module_preset=&#8221;default&#8221; body_text_color=&#8221;#212121&#8243; body_font_size=&#8221;15px&#8221; body_line_height=&#8221;1em&#8221; global_colors_info=&#8221;{}&#8221;][\/et_pb_sidebar][et_pb_sidebar area=&#8221;et_pb_widget_area_4&#8243; _builder_version=&#8221;4.23.1&#8243; _module_preset=&#8221;default&#8221; custom_padding=&#8221;||0px|||&#8221; global_colors_info=&#8221;{}&#8221;][\/et_pb_sidebar][et_pb_social_media_follow _builder_version=&#8221;4.27.2&#8243; _module_preset=&#8221;default&#8221; text_orientation=&#8221;center&#8221; custom_margin=&#8221;-44px|||||&#8221; locked=&#8221;off&#8221; global_colors_info=&#8221;{}&#8221;][et_pb_social_media_follow_network social_network=&#8221;facebook&#8221; url=&#8221;https:\/\/www.facebook.com\/NewMexicoStateParks&#8221; _builder_version=&#8221;4.27.2&#8243; _module_preset=&#8221;default&#8221; background_color=&#8221;#3b5998&#8243; global_colors_info=&#8221;{}&#8221; follow_button=&#8221;off&#8221; url_new_window=&#8221;on&#8221;]facebook[\/et_pb_social_media_follow_network][et_pb_social_media_follow_network social_network=&#8221;twitter&#8221; url=&#8221;https:\/\/x.com\/NMStateParks&#8221; _builder_version=&#8221;4.27.2&#8243; _module_preset=&#8221;default&#8221; background_color=&#8221;#000000&#8243; global_colors_info=&#8221;{}&#8221; follow_button=&#8221;off&#8221; url_new_window=&#8221;on&#8221;]X[\/et_pb_social_media_follow_network][et_pb_social_media_follow_network social_network=&#8221;youtube&#8221; url=&#8221;https:\/\/www.youtube.com\/@newmexicostateparks&#8221; _builder_version=&#8221;4.27.2&#8243; _module_preset=&#8221;default&#8221; background_color=&#8221;#a82400&#8243; global_colors_info=&#8221;{}&#8221; follow_button=&#8221;off&#8221; url_new_window=&#8221;on&#8221;]youtube[\/et_pb_social_media_follow_network][et_pb_social_media_follow_network social_network=&#8221;instagram&#8221; url=&#8221;https:\/\/www.instagram.com\/nmstateparks\/&#8221; _builder_version=&#8221;4.27.2&#8243; _module_preset=&#8221;default&#8221; background_color=&#8221;#ea2c59&#8243; global_colors_info=&#8221;{}&#8221; follow_button=&#8221;off&#8221; url_new_window=&#8221;on&#8221;]instagram[\/et_pb_social_media_follow_network][\/et_pb_social_media_follow][\/et_pb_column][et_pb_column type=&#8221;3_4&#8243; specialty_columns=&#8221;3&#8243; _builder_version=&#8221;4.16&#8243; custom_padding=&#8221;|||&#8221; global_colors_info=&#8221;{}&#8221; custom_padding__hover=&#8221;|||&#8221;][et_pb_row_inner _builder_version=&#8221;4.24.0&#8243; _module_preset=&#8221;default&#8221; custom_padding=&#8221;2px||0px|||&#8221; global_colors_info=&#8221;{}&#8221;][et_pb_column_inner saved_specialty_column_type=&#8221;3_4&#8243; _builder_version=&#8221;4.24.0&#8243; _module_preset=&#8221;default&#8221; global_colors_info=&#8221;{}&#8221;][et_pb_image src=&#8221;https:\/\/www.emnrd.nm.gov\/spd\/wp-content\/uploads\/sites\/7\/nmspd-logo-color.png&#8221; title_text=&#8221;nmspd-logo-color&#8221; _builder_version=&#8221;4.24.0&#8243; _module_preset=&#8221;default&#8221; width=&#8221;25%&#8221; max_width=&#8221;25%&#8221; module_alignment=&#8221;center&#8221; global_colors_info=&#8221;{}&#8221;][\/et_pb_image][et_pb_text _builder_version=&#8221;4.25.2&#8243; _module_preset=&#8221;default&#8221; global_colors_info=&#8221;{}&#8221;]<\/p>\n<h2>About the State Parks Division<\/h2>\n<p>Outdoor recreation is a driving force in New Mexico\u2019s economy and State Parks is a key player. Connected to communities statewide, our 35 state parks are often economic drivers for local businesses, towns, and cities. Many rural communities rely on a state park as a major source of economic development.<\/p>\n<h3>Mission<\/h3>\n<p>The State Parks Division&#8217;s mission is to protect and enhance natural and cultural resources, provide first-class recreational and education facilities and opportunities, and promote public safety to benefit and enrich the lives of visitors.<\/p>\n<p>State Parks is committed to this mission by employing professional, dedicated staff to ensure that parks are cared for and preserved to the highest professional standards. State park programs provide safe, fun, and educational experiences \u2013 and a visit to a state park is a true value. Outdoor recreation is a driving force in New Mexico\u2019s economy and State Parks is a key player. Connected to communities statewide, state parks are often economic drivers for local businesses, towns, and cities. Many rural communities rely upon a state park as a major source of economic development.<\/p>\n<p>[\/et_pb_text][\/et_pb_column_inner][\/et_pb_row_inner][et_pb_row_inner _builder_version=&#8221;4.24.0&#8243; _module_preset=&#8221;default&#8221; custom_padding=&#8221;6px|||||&#8221; global_colors_info=&#8221;{}&#8221;][et_pb_column_inner saved_specialty_column_type=&#8221;3_4&#8243; _builder_version=&#8221;4.24.0&#8243; _module_preset=&#8221;default&#8221; global_colors_info=&#8221;{}&#8221;][et_pb_image src=&#8221;https:\/\/www.emnrd.nm.gov\/spd\/wp-content\/uploads\/sites\/7\/EMNRD_SPD_Vamonos_Logo_Horz_Color.png&#8221; title_text=&#8221;EMNRD_SPD_Vamonos_Logo_Horz_Color&#8221; _builder_version=&#8221;4.24.0&#8243; _module_preset=&#8221;default&#8221; width=&#8221;50%&#8221; max_width=&#8221;50%&#8221; module_alignment=&#8221;center&#8221; global_colors_info=&#8221;{}&#8221;][\/et_pb_image][\/et_pb_column_inner][\/et_pb_row_inner][et_pb_row_inner column_structure=&#8221;1_2,1_2&#8243; _builder_version=&#8221;4.23.1&#8243; _module_preset=&#8221;default&#8221; custom_margin=&#8221;-33px|||||&#8221; custom_padding=&#8221;||0em||false|false&#8221; locked=&#8221;off&#8221; global_colors_info=&#8221;{}&#8221;][et_pb_column_inner type=&#8221;1_2&#8243; saved_specialty_column_type=&#8221;3_4&#8243; _builder_version=&#8221;4.23.1&#8243; _module_preset=&#8221;default&#8221; global_colors_info=&#8221;{}&#8221;][et_pb_text _builder_version=&#8221;4.27.2&#8243; _module_preset=&#8221;default&#8221; custom_padding=&#8221;3px|||||&#8221; global_colors_info=&#8221;{}&#8221;]<\/p>\n<h2 style=\"text-align: center;\"><strong>Contact Us<\/strong><strong><\/strong><\/h2>\n<p><strong><\/strong><\/p>\n<p style=\"text-align: center;\"><strong>Call Toll-Free<\/strong><br \/><a href=\"tel:1-833-257-3080\">1-888-NMPARKS<\/a><br \/><a href=\"tel:1-833-257-3080\"><\/a><a href=\"tel:505-416-4180\"><\/a>1-888-667-2757<\/p>\n<p style=\"text-align: center;\">1220 South St. Francis Drive STE #215<br \/>Santa Fe, NM 87505<\/p>\n<p style=\"text-align: center;\"><strong>Email<\/strong><br \/><a>nm.parks@emnrd.nm.gov<\/a><\/p>\n<p style=\"text-align: center;\"><strong>Follow us on social media!<\/strong><\/p>\n<p>[\/et_pb_text][et_pb_social_media_follow _builder_version=&#8221;4.27.2&#8243; _module_preset=&#8221;default&#8221; background_color=&#8221;#0585A5&#8243; text_orientation=&#8221;center&#8221; custom_margin=&#8221;-27px|||||&#8221; locked=&#8221;off&#8221; global_colors_info=&#8221;{}&#8221;][et_pb_social_media_follow_network social_network=&#8221;facebook&#8221; url=&#8221;https:\/\/www.facebook.com\/NewMexicoStateParks&#8221; _builder_version=&#8221;4.27.2&#8243; _module_preset=&#8221;default&#8221; background_color=&#8221;#3b5998&#8243; global_colors_info=&#8221;{}&#8221; follow_button=&#8221;off&#8221; url_new_window=&#8221;on&#8221;]facebook[\/et_pb_social_media_follow_network][et_pb_social_media_follow_network social_network=&#8221;twitter&#8221; url=&#8221;https:\/\/x.com\/NMStateParks&#8221; _builder_version=&#8221;4.27.2&#8243; _module_preset=&#8221;default&#8221; background_color=&#8221;#000000&#8243; global_colors_info=&#8221;{}&#8221; follow_button=&#8221;off&#8221; url_new_window=&#8221;on&#8221;]X[\/et_pb_social_media_follow_network][et_pb_social_media_follow_network social_network=&#8221;youtube&#8221; url=&#8221;https:\/\/www.youtube.com\/@newmexicostateparks&#8221; _builder_version=&#8221;4.27.2&#8243; _module_preset=&#8221;default&#8221; background_color=&#8221;#a82400&#8243; global_colors_info=&#8221;{}&#8221; follow_button=&#8221;off&#8221; url_new_window=&#8221;on&#8221;]youtube[\/et_pb_social_media_follow_network][et_pb_social_media_follow_network social_network=&#8221;instagram&#8221; url=&#8221;https:\/\/www.instagram.com\/nmstateparks\/&#8221; _builder_version=&#8221;4.27.2&#8243; _module_preset=&#8221;default&#8221; background_color=&#8221;#ea2c59&#8243; global_colors_info=&#8221;{}&#8221; follow_button=&#8221;off&#8221; url_new_window=&#8221;on&#8221;]instagram[\/et_pb_social_media_follow_network][\/et_pb_social_media_follow][\/et_pb_column_inner][et_pb_column_inner type=&#8221;1_2&#8243; saved_specialty_column_type=&#8221;3_4&#8243; _builder_version=&#8221;4.23.1&#8243; _module_preset=&#8221;default&#8221; global_colors_info=&#8221;{}&#8221;][et_pb_text _builder_version=&#8221;4.25.1&#8243; _module_preset=&#8221;default&#8221; custom_margin=&#8221;-20px||1em||false|false&#8221; custom_padding=&#8221;20px|||||&#8221; locked=&#8221;off&#8221; global_colors_info=&#8221;{}&#8221;]<\/p>\n<h3 style=\"text-align: center;\"><img loading=\"lazy\" decoding=\"async\" src=\"https:\/\/www.emnrd.nm.gov\/spd\/wp-content\/uploads\/sites\/7\/FentonLake_2024_JaredLangenegger_NMStateParks-225x300.jpg\" width=\"225\" height=\"300\" alt=\"\" class=\"wp-image-19759 alignnone size-medium\" \/><br \/><span>\ud83e\udd7e<\/span> <a href=\"https:\/\/www.emnrd.nm.gov\/spd\/find-a-park\/\">Find a Park\u00a0<\/a><br \/><span>\u26fa<\/span> <a href=\"https:\/\/newmexicostateparks.reserveamerica.com\/\">Make Camping Reservations<\/a><br \/><span>\ud83e\udd20<\/span> <a href=\"https:\/\/www.emnrd.nm.gov\/spd\/meet-our-team\/join-our-team\/\">Join Our Team<\/a><\/h3>\n<p style=\"text-align: center;\">\n<p>[\/et_pb_text][\/et_pb_column_inner][\/et_pb_row_inner][et_pb_row_inner _builder_version=&#8221;4.16&#8243; _module_preset=&#8221;default&#8221; custom_padding=&#8221;||1em||false|false&#8221; global_colors_info=&#8221;{}&#8221;][et_pb_column_inner saved_specialty_column_type=&#8221;3_4&#8243; _builder_version=&#8221;4.16&#8243; _module_preset=&#8221;default&#8221; global_colors_info=&#8221;{}&#8221;][et_pb_text _builder_version=&#8221;4.24.0&#8243; _module_preset=&#8221;default&#8221; global_colors_info=&#8221;{}&#8221;]<\/p>\n<h4>Human Rights Act<\/h4>\n<p>For assistance in filing a complaint, or for any other information on the Human Rights Act, please call (800) 566-9471 (toll-free) or (505) 827-6838, or visit the Human Rights Bureau website at:\u00a0<a href=\"https:\/\/www.dws.state.nm.us\/en-us\/Human-Rights-Information\">https:\/\/www.dws.state.nm.us\/en-us\/Human-Rights-Information<\/a>.<\/p>\n<p>Para ayuda a completar una queja, o para m\u00e1s informaci\u00f3n sobre la Ley de Derechos Humanos, por favor llame al 1-800-566-9471, o visite la p\u00e1gina por Internet de Buro de Derechos Humanos en\u00a0<a href=\"https:\/\/www.dws.state.nm.us\/en-us\/Human-Rights-Information\">https:\/\/www.dws.state.nm.us\/en-us\/Human-Rights-Information<\/a>.<\/p>\n<p>The New Mexico State Parks Division is committed to making all information on this website accessible to all users, including people with disabilities. If you have problems accessing a page on this site, please email\u00a0<a href=\"mailto:nm.parks@emnrd.nm.gov\">nm.parks@emnrd.nm.gov<\/a>.<\/p>\n<p>[\/et_pb_text][\/et_pb_column_inner][\/et_pb_row_inner][\/et_pb_column][\/et_pb_section]<\/p>\n","protected":false},"excerpt":{"rendered":"<p>About the State Parks Division Outdoor recreation is a driving force in New Mexico\u2019s economy and State Parks is a key player. Connected to communities statewide, our 35 state parks are often economic drivers for local businesses, towns, and cities. Many rural communities rely on a state park as a major source of economic development. [&hellip;]<\/p>\n","protected":false},"author":1,"featured_media":0,"parent":0,"menu_order":0,"comment_status":"closed","ping_status":"closed","template":"","meta":{"_et_pb_use_builder":"on","_et_pb_old_content":"<!-- wp:divi\/placeholder \/-->","_et_gb_content_width":"","footnotes":""},"class_list":["post-14225","page","type-page","status-publish","hentry"],"yoast_head":"<!-- This site is optimized with the Yoast SEO plugin v27.6 - https:\/\/yoast.com\/product\/yoast-seo-wordpress\/ -->\n<title>State Parks Home - State Parks<\/title>\n<meta name=\"robots\" content=\"index, follow, max-snippet:-1, max-image-preview:large, max-video-preview:-1\" \/>\n<link rel=\"canonical\" href=\"https:\/\/www.emnrd.nm.gov\/spd\/about-spd\/\" \/>\n<meta property=\"og:locale\" content=\"en_US\" \/>\n<meta property=\"og:type\" content=\"article\" \/>\n<meta property=\"og:title\" content=\"State Parks Home - State Parks\" \/>\n<meta property=\"og:description\" content=\"About the State Parks Division Outdoor recreation is a driving force in New Mexico\u2019s economy and State Parks is a key player. Connected to communities statewide, our 35 state parks are often economic drivers for local businesses, towns, and cities. Many rural communities rely on a state park as a major source of economic development. [&hellip;]\" \/>\n<meta property=\"og:url\" content=\"https:\/\/www.emnrd.nm.gov\/spd\/about-spd\/\" \/>\n<meta property=\"og:site_name\" content=\"State Parks\" \/>\n<meta property=\"article:modified_time\" content=\"2026-02-10T20:31:28+00:00\" \/>\n<meta property=\"og:image\" content=\"https:\/\/www.emnrd.nm.gov\/spd\/wp-content\/uploads\/sites\/7\/FentonLake_2024_JaredLangenegger_NMStateParks-225x300.jpg\" \/>\n<meta name=\"twitter:card\" content=\"summary_large_image\" \/>\n<meta name=\"twitter:label1\" content=\"Est. reading time\" \/>\n\t<meta name=\"twitter:data1\" content=\"3 minutes\" \/>\n<script type=\"application\/ld+json\" class=\"yoast-schema-graph\">{\"@context\":\"https:\\\/\\\/schema.org\",\"@graph\":[{\"@type\":\"WebPage\",\"@id\":\"https:\\\/\\\/www.emnrd.nm.gov\\\/spd\\\/about-spd\\\/\",\"url\":\"https:\\\/\\\/www.emnrd.nm.gov\\\/spd\\\/about-spd\\\/\",\"name\":\"State Parks Home - State Parks\",\"isPartOf\":{\"@id\":\"https:\\\/\\\/www.emnrd.nm.gov\\\/spd\\\/#website\"},\"primaryImageOfPage\":{\"@id\":\"https:\\\/\\\/www.emnrd.nm.gov\\\/spd\\\/about-spd\\\/#primaryimage\"},\"image\":{\"@id\":\"https:\\\/\\\/www.emnrd.nm.gov\\\/spd\\\/about-spd\\\/#primaryimage\"},\"thumbnailUrl\":\"https:\\\/\\\/www.emnrd.nm.gov\\\/spd\\\/wp-content\\\/uploads\\\/sites\\\/7\\\/FentonLake_2024_JaredLangenegger_NMStateParks-225x300.jpg\",\"datePublished\":\"2021-06-09T23:27:52+00:00\",\"dateModified\":\"2026-02-10T20:31:28+00:00\",\"breadcrumb\":{\"@id\":\"https:\\\/\\\/www.emnrd.nm.gov\\\/spd\\\/about-spd\\\/#breadcrumb\"},\"inLanguage\":\"en-US\",\"potentialAction\":[{\"@type\":\"ReadAction\",\"target\":[\"https:\\\/\\\/www.emnrd.nm.gov\\\/spd\\\/about-spd\\\/\"]}]},{\"@type\":\"ImageObject\",\"inLanguage\":\"en-US\",\"@id\":\"https:\\\/\\\/www.emnrd.nm.gov\\\/spd\\\/about-spd\\\/#primaryimage\",\"url\":\"https:\\\/\\\/www.emnrd.nm.gov\\\/spd\\\/wp-content\\\/uploads\\\/sites\\\/7\\\/FentonLake_2024_JaredLangenegger_NMStateParks.jpg\",\"contentUrl\":\"https:\\\/\\\/www.emnrd.nm.gov\\\/spd\\\/wp-content\\\/uploads\\\/sites\\\/7\\\/FentonLake_2024_JaredLangenegger_NMStateParks.jpg\",\"width\":1536,\"height\":2048},{\"@type\":\"BreadcrumbList\",\"@id\":\"https:\\\/\\\/www.emnrd.nm.gov\\\/spd\\\/about-spd\\\/#breadcrumb\",\"itemListElement\":[{\"@type\":\"ListItem\",\"position\":1,\"name\":\"Home\",\"item\":\"https:\\\/\\\/www.emnrd.nm.gov\\\/spd\\\/\"},{\"@type\":\"ListItem\",\"position\":2,\"name\":\"State Parks Home\"}]},{\"@type\":\"WebSite\",\"@id\":\"https:\\\/\\\/www.emnrd.nm.gov\\\/spd\\\/#website\",\"url\":\"https:\\\/\\\/www.emnrd.nm.gov\\\/spd\\\/\",\"name\":\"State Parks\",\"description\":\"To position New Mexico as a national leader in the energy and natural resources areas for which the Department is responsible.\",\"potentialAction\":[{\"@type\":\"SearchAction\",\"target\":{\"@type\":\"EntryPoint\",\"urlTemplate\":\"https:\\\/\\\/www.emnrd.nm.gov\\\/spd\\\/?s={search_term_string}\"},\"query-input\":{\"@type\":\"PropertyValueSpecification\",\"valueRequired\":true,\"valueName\":\"search_term_string\"}}],\"inLanguage\":\"en-US\"}]}<\/script>\n<!-- \/ Yoast SEO plugin. -->","yoast_head_json":{"title":"State Parks Home - State Parks","robots":{"index":"index","follow":"follow","max-snippet":"max-snippet:-1","max-image-preview":"max-image-preview:large","max-video-preview":"max-video-preview:-1"},"canonical":"https:\/\/www.emnrd.nm.gov\/spd\/about-spd\/","og_locale":"en_US","og_type":"article","og_title":"State Parks Home - State Parks","og_description":"About the State Parks Division Outdoor recreation is a driving force in New Mexico\u2019s economy and State Parks is a key player. Connected to communities statewide, our 35 state parks are often economic drivers for local businesses, towns, and cities. Many rural communities rely on a state park as a major source of economic development. [&hellip;]","og_url":"https:\/\/www.emnrd.nm.gov\/spd\/about-spd\/","og_site_name":"State Parks","article_modified_time":"2026-02-10T20:31:28+00:00","og_image":[{"url":"https:\/\/www.emnrd.nm.gov\/spd\/wp-content\/uploads\/sites\/7\/FentonLake_2024_JaredLangenegger_NMStateParks-225x300.jpg","type":"","width":"","height":""}],"twitter_card":"summary_large_image","twitter_misc":{"Est. reading time":"3 minutes"},"schema":{"@context":"https:\/\/schema.org","@graph":[{"@type":"WebPage","@id":"https:\/\/www.emnrd.nm.gov\/spd\/about-spd\/","url":"https:\/\/www.emnrd.nm.gov\/spd\/about-spd\/","name":"State Parks Home - State Parks","isPartOf":{"@id":"https:\/\/www.emnrd.nm.gov\/spd\/#website"},"primaryImageOfPage":{"@id":"https:\/\/www.emnrd.nm.gov\/spd\/about-spd\/#primaryimage"},"image":{"@id":"https:\/\/www.emnrd.nm.gov\/spd\/about-spd\/#primaryimage"},"thumbnailUrl":"https:\/\/www.emnrd.nm.gov\/spd\/wp-content\/uploads\/sites\/7\/FentonLake_2024_JaredLangenegger_NMStateParks-225x300.jpg","datePublished":"2021-06-09T23:27:52+00:00","dateModified":"2026-02-10T20:31:28+00:00","breadcrumb":{"@id":"https:\/\/www.emnrd.nm.gov\/spd\/about-spd\/#breadcrumb"},"inLanguage":"en-US","potentialAction":[{"@type":"ReadAction","target":["https:\/\/www.emnrd.nm.gov\/spd\/about-spd\/"]}]},{"@type":"ImageObject","inLanguage":"en-US","@id":"https:\/\/www.emnrd.nm.gov\/spd\/about-spd\/#primaryimage","url":"https:\/\/www.emnrd.nm.gov\/spd\/wp-content\/uploads\/sites\/7\/FentonLake_2024_JaredLangenegger_NMStateParks.jpg","contentUrl":"https:\/\/www.emnrd.nm.gov\/spd\/wp-content\/uploads\/sites\/7\/FentonLake_2024_JaredLangenegger_NMStateParks.jpg","width":1536,"height":2048},{"@type":"BreadcrumbList","@id":"https:\/\/www.emnrd.nm.gov\/spd\/about-spd\/#breadcrumb","itemListElement":[{"@type":"ListItem","position":1,"name":"Home","item":"https:\/\/www.emnrd.nm.gov\/spd\/"},{"@type":"ListItem","position":2,"name":"State Parks Home"}]},{"@type":"WebSite","@id":"https:\/\/www.emnrd.nm.gov\/spd\/#website","url":"https:\/\/www.emnrd.nm.gov\/spd\/","name":"State Parks","description":"To position New Mexico as a national leader in the energy and natural resources areas for which the Department is responsible.","potentialAction":[{"@type":"SearchAction","target":{"@type":"EntryPoint","urlTemplate":"https:\/\/www.emnrd.nm.gov\/spd\/?s={search_term_string}"},"query-input":{"@type":"PropertyValueSpecification","valueRequired":true,"valueName":"search_term_string"}}],"inLanguage":"en-US"}]}},"_links":{"self":[{"href":"https:\/\/www.emnrd.nm.gov\/spd\/wp-json\/wp\/v2\/pages\/14225","targetHints":{"allow":["GET"]}}],"collection":[{"href":"https:\/\/www.emnrd.nm.gov\/spd\/wp-json\/wp\/v2\/pages"}],"about":[{"href":"https:\/\/www.emnrd.nm.gov\/spd\/wp-json\/wp\/v2\/types\/page"}],"author":[{"embeddable":true,"href":"https:\/\/www.emnrd.nm.gov\/spd\/wp-json\/wp\/v2\/users\/1"}],"replies":[{"embeddable":true,"href":"https:\/\/www.emnrd.nm.gov\/spd\/wp-json\/wp\/v2\/comments?post=14225"}],"version-history":[{"count":35,"href":"https:\/\/www.emnrd.nm.gov\/spd\/wp-json\/wp\/v2\/pages\/14225\/revisions"}],"predecessor-version":[{"id":21457,"href":"https:\/\/www.emnrd.nm.gov\/spd\/wp-json\/wp\/v2\/pages\/14225\/revisions\/21457"}],"wp:attachment":[{"href":"https:\/\/www.emnrd.nm.gov\/spd\/wp-json\/wp\/v2\/media?parent=14225"}],"curies":[{"name":"wp","href":"https:\/\/api.w.org\/{rel}","templated":true}]}}